{"id":1341,"date":"2022-07-10T15:01:33","date_gmt":"2022-07-10T13:01:33","guid":{"rendered":"https:\/\/afrag.fr\/?page_id=1341"},"modified":"2023-04-09T12:14:33","modified_gmt":"2023-04-09T10:14:33","slug":"actualites","status":"publish","type":"page","link":"https:\/\/afrag.fr\/index.php\/actualites\/","title":{"rendered":"Actualit\u00e9s"},"content":{"rendered":"\t\t<div data-elementor-type=\"wp-page\" data-elementor-id=\"1341\" class=\"elementor elementor-1341\">\n\t\t\t\t\t\t<section class=\"elementor-section elementor-top-section elementor-element elementor-element-2bec738 elementor-section-boxed elementor-section-height-default elementor-section-height-default\" data-id=\"2bec738\" data-element_type=\"section\" data-e-type=\"section\">\n\t\t\t\t\t\t<div class=\"elementor-container elementor-column-gap-default\">\n\t\t\t\t\t<div class=\"elementor-column elementor-col-100 elementor-top-column elementor-element elementor-element-5e8f76d\" data-id=\"5e8f76d\" data-element_type=\"column\" data-e-type=\"column\">\n\t\t\t<div class=\"elementor-widget-wrap elementor-element-populated\">\n\t\t\t\t\t\t<div class=\"elementor-element elementor-element-4854d4a elementor-grid-eael-col-4 elementor-grid-tablet-eael-col-2 elementor-grid-mobile-eael-col-1 elementor-widget elementor-widget-eael-post-grid\" data-id=\"4854d4a\" data-element_type=\"widget\" data-e-type=\"widget\" data-settings=\"{&quot;eael_post_grid_columns&quot;:&quot;eael-col-4&quot;,&quot;eael_post_grid_columns_tablet&quot;:&quot;eael-col-2&quot;,&quot;eael_post_grid_columns_mobile&quot;:&quot;eael-col-1&quot;}\" data-widget_type=\"eael-post-grid.default\">\n\t\t\t\t<div class=\"elementor-widget-container\">\n\t\t\t\t\t<div id=\"eael-post-grid-4854d4a\" class=\"eael-post-grid-container\">\n            <div class=\"eael-post-grid eael-post-appender eael-post-appender-4854d4a eael-post-grid-style-one\" data-layout-mode=\"grid\"><article class=\"eael-grid-post  eael-post-grid-column eael-pg-post-2116 category-non-classe\" data-id=\"2116\">\n        <div class=\"eael-grid-post-holder\">\n            <div class=\"eael-grid-post-holder-inner\"><div class=\"eael-entry-wrapper\"><header class=\"eael-entry-header\"><h2 class=\"eael-entry-title\"><a class=\"eael-grid-post-link\" href=\"https:\/\/afrag.fr\/index.php\/2026\/03\/02\/compte-rendu-de-lag-2025\/\" title=\"Compte rendu de l&rsquo;AG 2025\">Compte rendu de l&rsquo;AG 2025<\/a><\/h2><\/header><div class=\"eael-entry-content\">\n                        <div class=\"eael-grid-post-excerpt\"><p>Ch\u00e8res toutes et tous Voici le compte rendu de l&rsquo;AG...<\/p><a href=\"https:\/\/afrag.fr\/index.php\/2026\/03\/02\/compte-rendu-de-lag-2025\/\" class=\"eael-post-elements-readmore-btn\">En savoir plus<\/a><\/div>\n                    <\/div><div class=\"eael-entry-footer\"><div class=\"eael-author-avatar\"><a href=\"https:\/\/afrag.fr\/index.php\/author\/admin9814\/\"><img alt='Administrateur du site' src='https:\/\/secure.gravatar.com\/avatar\/646a1e538f931f0b94685e4c9401452c8f8d62d1a84c436b3bb9d56f437ebb4a?s=96&#038;d=mm&#038;r=g' srcset='https:\/\/secure.gravatar.com\/avatar\/646a1e538f931f0b94685e4c9401452c8f8d62d1a84c436b3bb9d56f437ebb4a?s=192&#038;d=mm&#038;r=g 2x' class='avatar avatar-96 photo' height='96' width='96' \/><\/a><\/div><div class=\"eael-entry-meta\"><span class=\"eael-posted-by\"><a href=\"https:\/\/afrag.fr\/index.php\/author\/admin9814\/\" title=\"Posts by Administrateur du site\" rel=\"author\">Administrateur du site<\/a><\/span><span class=\"eael-posted-on\"><time datetime=\"2 mars 2026\">2 mars 2026<\/time><\/span><\/div><\/div><\/div><\/div>\n        <\/div>\n    <\/article><article class=\"eael-grid-post  eael-post-grid-column eael-pg-post-2094 category-news\" data-id=\"2094\">\n        <div class=\"eael-grid-post-holder\">\n            <div class=\"eael-grid-post-holder-inner\"><div class=\"eael-entry-wrapper\"><header class=\"eael-entry-header\"><h2 class=\"eael-entry-title\"><a class=\"eael-grid-post-link\" href=\"https:\/\/afrag.fr\/index.php\/2025\/12\/06\/assemblee-generale-le-5-janvier-2026-19h00\/\" title=\"Assembl\u00e9e G\u00e9n\u00e9rale le 6 janvier 2026 &#8211; 19h00\">Assembl\u00e9e G\u00e9n\u00e9rale le 6 janvier 2026 &#8211;<\/a><\/h2><\/header><div class=\"eael-entry-content\">\n                        <div class=\"eael-grid-post-excerpt\"><p>Ch\u00e8res toutes et tous, L&rsquo;assembl\u00e9e g\u00e9n\u00e9rale de l&rsquo;AFRAG aura lieu...<\/p><a href=\"https:\/\/afrag.fr\/index.php\/2025\/12\/06\/assemblee-generale-le-5-janvier-2026-19h00\/\" class=\"eael-post-elements-readmore-btn\">En savoir plus<\/a><\/div>\n                    <\/div><div class=\"eael-entry-footer\"><div class=\"eael-author-avatar\"><a href=\"https:\/\/afrag.fr\/index.php\/author\/admin9814\/\"><img alt='Administrateur du site' src='https:\/\/secure.gravatar.com\/avatar\/646a1e538f931f0b94685e4c9401452c8f8d62d1a84c436b3bb9d56f437ebb4a?s=96&#038;d=mm&#038;r=g' srcset='https:\/\/secure.gravatar.com\/avatar\/646a1e538f931f0b94685e4c9401452c8f8d62d1a84c436b3bb9d56f437ebb4a?s=192&#038;d=mm&#038;r=g 2x' class='avatar avatar-96 photo' height='96' width='96' \/><\/a><\/div><div class=\"eael-entry-meta\"><span class=\"eael-posted-by\"><a href=\"https:\/\/afrag.fr\/index.php\/author\/admin9814\/\" title=\"Posts by Administrateur du site\" rel=\"author\">Administrateur du site<\/a><\/span><span class=\"eael-posted-on\"><time datetime=\"6 d\u00e9cembre 2025\">6 d\u00e9cembre 2025<\/time><\/span><\/div><\/div><\/div><\/div>\n        <\/div>\n    <\/article><article class=\"eael-grid-post  eael-post-grid-column eael-pg-post-2089 category-news\" data-id=\"2089\">\n        <div class=\"eael-grid-post-holder\">\n            <div class=\"eael-grid-post-holder-inner\"><div class=\"eael-entry-wrapper\"><header class=\"eael-entry-header\"><h2 class=\"eael-entry-title\"><a class=\"eael-grid-post-link\" href=\"https:\/\/afrag.fr\/index.php\/2025\/12\/06\/compte-rendu-de-la-reunion-publique\/\" title=\"Compte rendu de la r\u00e9union publique du 5 novembre 2025\">Compte rendu de la r\u00e9union publique du<\/a><\/h2><\/header><div class=\"eael-entry-content\">\n                        <div class=\"eael-grid-post-excerpt\"><p>Ch\u00e8res toutes et tous, merci pour votre participation nombreuse (vous...<\/p><a href=\"https:\/\/afrag.fr\/index.php\/2025\/12\/06\/compte-rendu-de-la-reunion-publique\/\" class=\"eael-post-elements-readmore-btn\">En savoir plus<\/a><\/div>\n                    <\/div><div class=\"eael-entry-footer\"><div class=\"eael-author-avatar\"><a href=\"https:\/\/afrag.fr\/index.php\/author\/admin9814\/\"><img alt='Administrateur du site' src='https:\/\/secure.gravatar.com\/avatar\/646a1e538f931f0b94685e4c9401452c8f8d62d1a84c436b3bb9d56f437ebb4a?s=96&#038;d=mm&#038;r=g' srcset='https:\/\/secure.gravatar.com\/avatar\/646a1e538f931f0b94685e4c9401452c8f8d62d1a84c436b3bb9d56f437ebb4a?s=192&#038;d=mm&#038;r=g 2x' class='avatar avatar-96 photo' height='96' width='96' \/><\/a><\/div><div class=\"eael-entry-meta\"><span class=\"eael-posted-by\"><a href=\"https:\/\/afrag.fr\/index.php\/author\/admin9814\/\" title=\"Posts by Administrateur du site\" rel=\"author\">Administrateur du site<\/a><\/span><span class=\"eael-posted-on\"><time datetime=\"6 d\u00e9cembre 2025\">6 d\u00e9cembre 2025<\/time><\/span><\/div><\/div><\/div><\/div>\n        <\/div>\n    <\/article><article class=\"eael-grid-post  eael-post-grid-column eael-pg-post-2046 category-assoc\" data-id=\"2046\">\n        <div class=\"eael-grid-post-holder\">\n            <div class=\"eael-grid-post-holder-inner\"><div class=\"eael-entry-media\"><div class=\"eael-entry-overlay fade-in\"><i class=\"fas fa-long-arrow-alt-right\" aria-hidden=\"true\"><\/i><a href=\"https:\/\/afrag.fr\/index.php\/2025\/02\/17\/compte-rendu-de-lag-2024\/\"><\/a><\/div><div class=\"eael-entry-thumbnail \">\n                <img decoding=\"async\" width=\"150\" height=\"150\" src=\"https:\/\/afrag.fr\/wp-content\/uploads\/2025\/02\/AG-2024-150x150.jpeg\" class=\"attachment-thumbnail size-thumbnail wp-image-2045\" alt=\"\" srcset=\"https:\/\/afrag.fr\/wp-content\/uploads\/2025\/02\/AG-2024-150x150.jpeg 150w, https:\/\/afrag.fr\/wp-content\/uploads\/2025\/02\/AG-2024-300x300.jpeg 300w, https:\/\/afrag.fr\/wp-content\/uploads\/2025\/02\/AG-2024-100x100.jpeg 100w\" sizes=\"(max-width: 150px) 100vw, 150px\" \/>\n            <\/div>\n        <\/div><div class=\"eael-entry-wrapper\"><header class=\"eael-entry-header\"><h2 class=\"eael-entry-title\"><a class=\"eael-grid-post-link\" href=\"https:\/\/afrag.fr\/index.php\/2025\/02\/17\/compte-rendu-de-lag-2024\/\" title=\"Compte rendu de l&rsquo;AG 2024\">Compte rendu de l&rsquo;AG 2024<\/a><\/h2><\/header><div class=\"eael-entry-content\">\n                        <div class=\"eael-grid-post-excerpt\"><p>Le compte-rendu de l&rsquo;Assembl\u00e9e g\u00e9n\u00e9rale 2024 de notre association est...<\/p><a href=\"https:\/\/afrag.fr\/index.php\/2025\/02\/17\/compte-rendu-de-lag-2024\/\" class=\"eael-post-elements-readmore-btn\">En savoir plus<\/a><\/div>\n                    <\/div><div class=\"eael-entry-footer\"><div class=\"eael-author-avatar\"><a href=\"https:\/\/afrag.fr\/index.php\/author\/bureau-afrag\/\"><img alt='Bureau AFRAG' src='https:\/\/secure.gravatar.com\/avatar\/c6de989668b8ab7d58f5b3e8144bc678567a6162cf0a76867675f0ada72cd1d8?s=96&#038;d=mm&#038;r=g' srcset='https:\/\/secure.gravatar.com\/avatar\/c6de989668b8ab7d58f5b3e8144bc678567a6162cf0a76867675f0ada72cd1d8?s=192&#038;d=mm&#038;r=g 2x' class='avatar avatar-96 photo' height='96' width='96' \/><\/a><\/div><div class=\"eael-entry-meta\"><span class=\"eael-posted-by\"><a href=\"https:\/\/afrag.fr\/index.php\/author\/bureau-afrag\/\" title=\"Posts by Bureau AFRAG\" rel=\"author\">Bureau AFRAG<\/a><\/span><span class=\"eael-posted-on\"><time datetime=\"17 f\u00e9vrier 2025\">17 f\u00e9vrier 2025<\/time><\/span><\/div><\/div><\/div><\/div>\n        <\/div>\n    <\/article><article class=\"eael-grid-post  eael-post-grid-column eael-pg-post-2011 category-assoc\" data-id=\"2011\">\n        <div class=\"eael-grid-post-holder\">\n            <div class=\"eael-grid-post-holder-inner\"><div class=\"eael-entry-media\"><div class=\"eael-entry-overlay fade-in\"><i class=\"fas fa-long-arrow-alt-right\" aria-hidden=\"true\"><\/i><a href=\"https:\/\/afrag.fr\/index.php\/2025\/02\/17\/ccaepa-cce-le-role-de-lafrag-dans-de-ces-deux-commissions\/\"><\/a><\/div><div class=\"eael-entry-thumbnail \">\n                <img decoding=\"async\" width=\"150\" height=\"150\" src=\"https:\/\/afrag.fr\/wp-content\/uploads\/2025\/02\/commission-150x150.jpg\" class=\"attachment-thumbnail size-thumbnail wp-image-2012\" alt=\"\" srcset=\"https:\/\/afrag.fr\/wp-content\/uploads\/2025\/02\/commission-150x150.jpg 150w, https:\/\/afrag.fr\/wp-content\/uploads\/2025\/02\/commission-600x600.jpg 600w, https:\/\/afrag.fr\/wp-content\/uploads\/2025\/02\/commission-300x300.jpg 300w, https:\/\/afrag.fr\/wp-content\/uploads\/2025\/02\/commission-100x100.jpg 100w\" sizes=\"(max-width: 150px) 100vw, 150px\" \/>\n            <\/div>\n        <\/div><div class=\"eael-entry-wrapper\"><header class=\"eael-entry-header\"><h2 class=\"eael-entry-title\"><a class=\"eael-grid-post-link\" href=\"https:\/\/afrag.fr\/index.php\/2025\/02\/17\/ccaepa-cce-le-role-de-lafrag-dans-de-ces-deux-commissions\/\" title=\"CCAEPA? CCE?  Le r\u00f4le de l&rsquo;AFRAG dans de ces deux commissions\">CCAEPA? CCE?  Le r\u00f4le de l&rsquo;AFRAG<\/a><\/h2><\/header><div class=\"eael-entry-content\">\n                        <div class=\"eael-grid-post-excerpt\"><p>CCAEPA? CEE? Deux sigles opaques pour les n\u00e9ophytes. Mais surtout...<\/p><a href=\"https:\/\/afrag.fr\/index.php\/2025\/02\/17\/ccaepa-cce-le-role-de-lafrag-dans-de-ces-deux-commissions\/\" class=\"eael-post-elements-readmore-btn\">En savoir plus<\/a><\/div>\n                    <\/div><div class=\"eael-entry-footer\"><div class=\"eael-author-avatar\"><a href=\"https:\/\/afrag.fr\/index.php\/author\/bureau-afrag\/\"><img alt='Bureau AFRAG' src='https:\/\/secure.gravatar.com\/avatar\/c6de989668b8ab7d58f5b3e8144bc678567a6162cf0a76867675f0ada72cd1d8?s=96&#038;d=mm&#038;r=g' srcset='https:\/\/secure.gravatar.com\/avatar\/c6de989668b8ab7d58f5b3e8144bc678567a6162cf0a76867675f0ada72cd1d8?s=192&#038;d=mm&#038;r=g 2x' class='avatar avatar-96 photo' height='96' width='96' \/><\/a><\/div><div class=\"eael-entry-meta\"><span class=\"eael-posted-by\"><a href=\"https:\/\/afrag.fr\/index.php\/author\/bureau-afrag\/\" title=\"Posts by Bureau AFRAG\" rel=\"author\">Bureau AFRAG<\/a><\/span><span class=\"eael-posted-on\"><time datetime=\"17 f\u00e9vrier 2025\">17 f\u00e9vrier 2025<\/time><\/span><\/div><\/div><\/div><\/div>\n        <\/div>\n    <\/article><article class=\"eael-grid-post  eael-post-grid-column eael-pg-post-1998 category-presse\" data-id=\"1998\">\n        <div class=\"eael-grid-post-holder\">\n            <div class=\"eael-grid-post-holder-inner\"><div class=\"eael-entry-media\"><div class=\"eael-entry-overlay fade-in\"><i class=\"fas fa-long-arrow-alt-right\" aria-hidden=\"true\"><\/i><a href=\"https:\/\/afrag.fr\/index.php\/2025\/01\/05\/les-vols-de-nuit-penalises-par-geneve-aeroport-pas-si-simple-2\/\"><\/a><\/div><div class=\"eael-entry-thumbnail \">\n                <img decoding=\"async\" width=\"150\" height=\"150\" src=\"https:\/\/afrag.fr\/wp-content\/uploads\/2025\/01\/j0qtcs-28706918-150x150.jpg\" class=\"attachment-thumbnail size-thumbnail wp-image-1940\" alt=\"\" srcset=\"https:\/\/afrag.fr\/wp-content\/uploads\/2025\/01\/j0qtcs-28706918-150x150.jpg 150w, https:\/\/afrag.fr\/wp-content\/uploads\/2025\/01\/j0qtcs-28706918-600x600.jpg 600w, https:\/\/afrag.fr\/wp-content\/uploads\/2025\/01\/j0qtcs-28706918-300x300.jpg 300w, https:\/\/afrag.fr\/wp-content\/uploads\/2025\/01\/j0qtcs-28706918-100x100.jpg 100w\" sizes=\"(max-width: 150px) 100vw, 150px\" \/>\n            <\/div>\n        <\/div><div class=\"eael-entry-wrapper\"><header class=\"eael-entry-header\"><h2 class=\"eael-entry-title\"><a class=\"eael-grid-post-link\" href=\"https:\/\/afrag.fr\/index.php\/2025\/01\/05\/les-vols-de-nuit-penalises-par-geneve-aeroport-pas-si-simple-2\/\" title=\"Les vols de nuit p\u00e9nalis\u00e9s par Gen\u00e8ve A\u00e9roport? Pas si simple\u2026\">Les vols de nuit p\u00e9nalis\u00e9s par Gen\u00e8ve<\/a><\/h2><\/header><div class=\"eael-entry-content\">\n                        <div class=\"eael-grid-post-excerpt\"><p>Depuis le 1er janvier 2025, l\u2019a\u00e9roport de Gen\u00e8ve p\u00e9nalise les...<\/p><a href=\"https:\/\/afrag.fr\/index.php\/2025\/01\/05\/les-vols-de-nuit-penalises-par-geneve-aeroport-pas-si-simple-2\/\" class=\"eael-post-elements-readmore-btn\">En savoir plus<\/a><\/div>\n                    <\/div><div class=\"eael-entry-footer\"><div class=\"eael-author-avatar\"><a href=\"https:\/\/afrag.fr\/index.php\/author\/bureau-afrag\/\"><img alt='Bureau AFRAG' src='https:\/\/secure.gravatar.com\/avatar\/c6de989668b8ab7d58f5b3e8144bc678567a6162cf0a76867675f0ada72cd1d8?s=96&#038;d=mm&#038;r=g' srcset='https:\/\/secure.gravatar.com\/avatar\/c6de989668b8ab7d58f5b3e8144bc678567a6162cf0a76867675f0ada72cd1d8?s=192&#038;d=mm&#038;r=g 2x' class='avatar avatar-96 photo' height='96' width='96' \/><\/a><\/div><div class=\"eael-entry-meta\"><span class=\"eael-posted-by\"><a href=\"https:\/\/afrag.fr\/index.php\/author\/bureau-afrag\/\" title=\"Posts by Bureau AFRAG\" rel=\"author\">Bureau AFRAG<\/a><\/span><span class=\"eael-posted-on\"><time datetime=\"5 janvier 2025\">5 janvier 2025<\/time><\/span><\/div><\/div><\/div><\/div>\n        <\/div>\n    <\/article><article class=\"eael-grid-post  eael-post-grid-column eael-pg-post-1875 category-assoc\" data-id=\"1875\">\n        <div class=\"eael-grid-post-holder\">\n            <div class=\"eael-grid-post-holder-inner\"><div class=\"eael-entry-media\"><div class=\"eael-entry-overlay fade-in\"><i class=\"fas fa-long-arrow-alt-right\" aria-hidden=\"true\"><\/i><a href=\"https:\/\/afrag.fr\/index.php\/2024\/02\/18\/compte-rendu-ag-2023\/\"><\/a><\/div><div class=\"eael-entry-thumbnail \">\n                <img loading=\"lazy\" decoding=\"async\" width=\"150\" height=\"150\" src=\"https:\/\/afrag.fr\/wp-content\/uploads\/2022\/11\/AG2022-150x150.jpg\" class=\"attachment-thumbnail size-thumbnail wp-image-1508\" alt=\"\" srcset=\"https:\/\/afrag.fr\/wp-content\/uploads\/2022\/11\/AG2022-150x150.jpg 150w, https:\/\/afrag.fr\/wp-content\/uploads\/2022\/11\/AG2022-600x600.jpg 600w, https:\/\/afrag.fr\/wp-content\/uploads\/2022\/11\/AG2022-300x300.jpg 300w, https:\/\/afrag.fr\/wp-content\/uploads\/2022\/11\/AG2022-100x100.jpg 100w\" sizes=\"(max-width: 150px) 100vw, 150px\" \/>\n            <\/div>\n        <\/div><div class=\"eael-entry-wrapper\"><header class=\"eael-entry-header\"><h2 class=\"eael-entry-title\"><a class=\"eael-grid-post-link\" href=\"https:\/\/afrag.fr\/index.php\/2024\/02\/18\/compte-rendu-ag-2023\/\" title=\"Compte rendu AG 2023\">Compte rendu AG 2023<\/a><\/h2><\/header><div class=\"eael-entry-content\">\n                        <div class=\"eael-grid-post-excerpt\"><p>Compte rendu de l&rsquo;AG ordinaire 2023 Le compte rendu de...<\/p><a href=\"https:\/\/afrag.fr\/index.php\/2024\/02\/18\/compte-rendu-ag-2023\/\" class=\"eael-post-elements-readmore-btn\">En savoir plus<\/a><\/div>\n                    <\/div><div class=\"eael-entry-footer\"><div class=\"eael-author-avatar\"><a href=\"https:\/\/afrag.fr\/index.php\/author\/bureau-afrag\/\"><img alt='Bureau AFRAG' src='https:\/\/secure.gravatar.com\/avatar\/c6de989668b8ab7d58f5b3e8144bc678567a6162cf0a76867675f0ada72cd1d8?s=96&#038;d=mm&#038;r=g' srcset='https:\/\/secure.gravatar.com\/avatar\/c6de989668b8ab7d58f5b3e8144bc678567a6162cf0a76867675f0ada72cd1d8?s=192&#038;d=mm&#038;r=g 2x' class='avatar avatar-96 photo' height='96' width='96' \/><\/a><\/div><div class=\"eael-entry-meta\"><span class=\"eael-posted-by\"><a href=\"https:\/\/afrag.fr\/index.php\/author\/bureau-afrag\/\" title=\"Posts by Bureau AFRAG\" rel=\"author\">Bureau AFRAG<\/a><\/span><span class=\"eael-posted-on\"><time datetime=\"18 f\u00e9vrier 2024\">18 f\u00e9vrier 2024<\/time><\/span><\/div><\/div><\/div><\/div>\n        <\/div>\n    <\/article><article class=\"eael-grid-post  eael-post-grid-column eael-pg-post-1845 category-assoc\" data-id=\"1845\">\n        <div class=\"eael-grid-post-holder\">\n            <div class=\"eael-grid-post-holder-inner\"><div class=\"eael-entry-media\"><div class=\"eael-entry-overlay fade-in\"><i class=\"fas fa-long-arrow-alt-right\" aria-hidden=\"true\"><\/i><a href=\"https:\/\/afrag.fr\/index.php\/2023\/11\/05\/assemblee-generale-2023\/\"><\/a><\/div><div class=\"eael-entry-thumbnail \">\n                <img loading=\"lazy\" decoding=\"async\" width=\"150\" height=\"150\" src=\"https:\/\/afrag.fr\/wp-content\/uploads\/2023\/11\/assemblee_generale_annuelle-150x150.jpg\" class=\"attachment-thumbnail size-thumbnail wp-image-1843\" alt=\"\" srcset=\"https:\/\/afrag.fr\/wp-content\/uploads\/2023\/11\/assemblee_generale_annuelle-150x150.jpg 150w, https:\/\/afrag.fr\/wp-content\/uploads\/2023\/11\/assemblee_generale_annuelle-100x100.jpg 100w\" sizes=\"(max-width: 150px) 100vw, 150px\" \/>\n            <\/div>\n        <\/div><div class=\"eael-entry-wrapper\"><header class=\"eael-entry-header\"><h2 class=\"eael-entry-title\"><a class=\"eael-grid-post-link\" href=\"https:\/\/afrag.fr\/index.php\/2023\/11\/05\/assemblee-generale-2023\/\" title=\"Assembl\u00e9e G\u00e9n\u00e9rale 2023\">Assembl\u00e9e G\u00e9n\u00e9rale 2023<\/a><\/h2><\/header><div class=\"eael-entry-content\">\n                        <div class=\"eael-grid-post-excerpt\"><p>AFRAG\u00a0Association Fran\u00e7aise des Riverains de l\u2019A\u00e9roport de Gen\u00e8ve Nous avons...<\/p><a href=\"https:\/\/afrag.fr\/index.php\/2023\/11\/05\/assemblee-generale-2023\/\" class=\"eael-post-elements-readmore-btn\">En savoir plus<\/a><\/div>\n                    <\/div><div class=\"eael-entry-footer\"><div class=\"eael-author-avatar\"><a href=\"https:\/\/afrag.fr\/index.php\/author\/bureau-afrag\/\"><img alt='Bureau AFRAG' src='https:\/\/secure.gravatar.com\/avatar\/c6de989668b8ab7d58f5b3e8144bc678567a6162cf0a76867675f0ada72cd1d8?s=96&#038;d=mm&#038;r=g' srcset='https:\/\/secure.gravatar.com\/avatar\/c6de989668b8ab7d58f5b3e8144bc678567a6162cf0a76867675f0ada72cd1d8?s=192&#038;d=mm&#038;r=g 2x' class='avatar avatar-96 photo' height='96' width='96' \/><\/a><\/div><div class=\"eael-entry-meta\"><span class=\"eael-posted-by\"><a href=\"https:\/\/afrag.fr\/index.php\/author\/bureau-afrag\/\" title=\"Posts by Bureau AFRAG\" rel=\"author\">Bureau AFRAG<\/a><\/span><span class=\"eael-posted-on\"><time datetime=\"5 novembre 2023\">5 novembre 2023<\/time><\/span><\/div><\/div><\/div><\/div>\n        <\/div>\n    <\/article><\/div>\n            <div class=\"clearfix\"><\/div>\n        <\/div>            <div class=\"eael-load-more-button-wrap\">\n                <button class=\"eael-load-more-button\" id=\"eael-load-more-btn-4854d4a\" data-widget-id=\"4854d4a\" data-widget=\"4854d4a\" data-page-id=\"1341\" data-template=\"{&quot;dir&quot;:&quot;lite&quot;,&quot;file_name&quot;:&quot;one.php&quot;,&quot;name&quot;:&quot;Post-Grid&quot;}\" data-class=\"Essential_Addons_Elementor\\Elements\\Post_Grid\" data-layout=\"grid\" data-page=\"1\" data-args=\"orderby=date&amp;order=desc&amp;ignore_sticky_posts=1&amp;post_status=publish&amp;posts_per_page=8&amp;offset=0&amp;post_type=post\" data-max-page=\"4\">\n                    <span class=\"eael-btn-loader button__loader\"><\/span>\n                    <span class=\"eael_load_more_text\">Plus d&#039;articles<\/span>\n                <\/button>\n            <\/div>\n            \t\t\t\t<\/div>\n\t\t\t\t<\/div>\n\t\t\t\t\t<\/div>\n\t\t<\/div>\n\t\t\t\t\t<\/div>\n\t\t<\/section>\n\t\t\t\t<\/div>\n\t\t","protected":false},"excerpt":{"rendered":"<p>Faire un don A la demande de certains adh\u00e9rents, une nouvelle facilit\u00e9 a&#8230; En savoir plus AFRAG Bureau9 avril 2023 A\u00e9roport Schiphol d&#8217;Amsterdam : Am\u00e9lioration et (petit) Comme il fallait s&#8217;y attendre, la d\u00e9cision prise l&#8217;an dernier&#8230; En savoir plus AFRAG Bureau7 avril 2023 R\u00e9union publique du 6 avril : Quelles Suite \u00e0 la publication [&hellip;]<\/p>\n","protected":false},"author":1,"featured_media":846,"parent":0,"menu_order":0,"comment_status":"closed","ping_status":"closed","template":"","meta":{"ocean_post_layout":"","ocean_both_sidebars_style":"","ocean_both_sidebars_content_width":0,"ocean_both_sidebars_sidebars_width":0,"ocean_sidebar":"0","ocean_second_sidebar":"0","ocean_disable_margins":"enable","ocean_add_body_class":"","ocean_shortcode_before_top_bar":"","ocean_shortcode_after_top_bar":"","ocean_shortcode_before_header":"","ocean_shortcode_after_header":"","ocean_has_shortcode":"","ocean_shortcode_after_title":"","ocean_shortcode_before_footer_widgets":"","ocean_shortcode_after_footer_widgets":"","ocean_shortcode_before_footer_bottom":"","ocean_shortcode_after_footer_bottom":"","ocean_display_top_bar":"default","ocean_display_header":"default","ocean_header_style":"","ocean_center_header_left_menu":"0","ocean_custom_header_template":"0","ocean_custom_logo":0,"ocean_custom_retina_logo":0,"ocean_custom_logo_max_width":0,"ocean_custom_logo_tablet_max_width":0,"ocean_custom_logo_mobile_max_width":0,"ocean_custom_logo_max_height":0,"ocean_custom_logo_tablet_max_height":0,"ocean_custom_logo_mobile_max_height":0,"ocean_header_custom_menu":"0","ocean_menu_typo_font_family":"0","ocean_menu_typo_font_subset":"","ocean_menu_typo_font_size":0,"ocean_menu_typo_font_size_tablet":0,"ocean_menu_typo_font_size_mobile":0,"ocean_menu_typo_font_size_unit":"px","ocean_menu_typo_font_weight":"","ocean_menu_typo_font_weight_tablet":"","ocean_menu_typo_font_weight_mobile":"","ocean_menu_typo_transform":"","ocean_menu_typo_transform_tablet":"","ocean_menu_typo_transform_mobile":"","ocean_menu_typo_line_height":0,"ocean_menu_typo_line_height_tablet":0,"ocean_menu_typo_line_height_mobile":0,"ocean_menu_typo_line_height_unit":"","ocean_menu_typo_spacing":0,"ocean_menu_typo_spacing_tablet":0,"ocean_menu_typo_spacing_mobile":0,"ocean_menu_typo_spacing_unit":"","ocean_menu_link_color":"","ocean_menu_link_color_hover":"","ocean_menu_link_color_active":"","ocean_menu_link_background":"","ocean_menu_link_hover_background":"","ocean_menu_link_active_background":"","ocean_menu_social_links_bg":"","ocean_menu_social_hover_links_bg":"","ocean_menu_social_links_color":"","ocean_menu_social_hover_links_color":"","ocean_disable_title":"enable","ocean_disable_heading":"default","ocean_post_title":"","ocean_post_subheading":"","ocean_post_title_style":"background-image","ocean_post_title_background_color":"","ocean_post_title_background":846,"ocean_post_title_bg_image_position":"center center","ocean_post_title_bg_image_attachment":"","ocean_post_title_bg_image_repeat":"no-repeat","ocean_post_title_bg_image_size":"cover","ocean_post_title_height":0,"ocean_post_title_bg_overlay":0.5,"ocean_post_title_bg_overlay_color":"#191919","ocean_disable_breadcrumbs":"default","ocean_breadcrumbs_color":"","ocean_breadcrumbs_separator_color":"","ocean_breadcrumbs_links_color":"","ocean_breadcrumbs_links_hover_color":"","ocean_display_footer_widgets":"default","ocean_display_footer_bottom":"default","ocean_custom_footer_template":"0","osh_disable_topbar_sticky":"default","osh_disable_header_sticky":"default","osh_sticky_header_style":"default","osh_sticky_header_effect":"","osh_custom_sticky_logo":0,"osh_custom_retina_sticky_logo":0,"osh_custom_sticky_logo_height":0,"osh_background_color":"","osh_links_color":"","osh_links_hover_color":"","osh_links_active_color":"","osh_links_bg_color":"","osh_links_hover_bg_color":"","osh_links_active_bg_color":"","osh_menu_social_links_color":"","osh_menu_social_hover_links_color":"","footnotes":""},"class_list":["post-1341","page","type-page","status-publish","has-post-thumbnail","hentry","entry","has-media","owp-thumbs-layout-horizontal","owp-btn-normal","owp-tabs-layout-horizontal","has-no-thumbnails","has-product-nav"],"post_mailing_queue_ids":[],"_links":{"self":[{"href":"https:\/\/afrag.fr\/index.php\/wp-json\/wp\/v2\/pages\/1341","targetHints":{"allow":["GET"]}}],"collection":[{"href":"https:\/\/afrag.fr\/index.php\/wp-json\/wp\/v2\/pages"}],"about":[{"href":"https:\/\/afrag.fr\/index.php\/wp-json\/wp\/v2\/types\/page"}],"author":[{"embeddable":true,"href":"https:\/\/afrag.fr\/index.php\/wp-json\/wp\/v2\/users\/1"}],"replies":[{"embeddable":true,"href":"https:\/\/afrag.fr\/index.php\/wp-json\/wp\/v2\/comments?post=1341"}],"version-history":[{"count":0,"href":"https:\/\/afrag.fr\/index.php\/wp-json\/wp\/v2\/pages\/1341\/revisions"}],"wp:featuredmedia":[{"embeddable":true,"href":"https:\/\/afrag.fr\/index.php\/wp-json\/wp\/v2\/media\/846"}],"wp:attachment":[{"href":"https:\/\/afrag.fr\/index.php\/wp-json\/wp\/v2\/media?parent=1341"}],"curies":[{"name":"wp","href":"https:\/\/api.w.org\/{rel}","templated":true}]}}